{"id":1033560,"date":"2023-08-29T09:26:10","date_gmt":"2023-08-29T07:26:10","guid":{"rendered":"https:\/\/unique-properties.hu\/?page_id=1033560"},"modified":"2024-01-18T19:01:09","modified_gmt":"2024-01-18T18:01:09","slug":"rolunk","status":"publish","type":"page","link":"https:\/\/unique-properties.hu\/en\/rolunk\/","title":{"rendered":"About us"},"content":{"rendered":"<div data-elementor-type=\"wp-page\" data-elementor-id=\"1033560\" class=\"elementor elementor-1033560\" data-elementor-post-type=\"page\">\n\t\t\t\t\t\t<section class=\"elementor-section elementor-top-section elementor-element elementor-element-b41b8ed elementor-section-full_width elementor-section-height-default elementor-section-height-default\" data-id=\"b41b8ed\" data-element_type=\"section\" data-e-type=\"section\">\n\t\t\t\t\t\t<div class=\"elementor-container elementor-column-gap-no\">\n\t\t\t\t\t<div class=\"elementor-column elementor-col-100 elementor-top-column elementor-element elementor-element-85529e0\" data-id=\"85529e0\" data-element_type=\"column\" data-e-type=\"column\">\n\t\t\t<div class=\"elementor-widget-wrap elementor-element-populated\">\n\t\t\t\t\t\t<div class=\"elementor-element elementor-element-557f8b6 elementor--h-position-center elementor--v-position-middle elementor-arrows-position-inside elementor-pagination-position-inside elementor-widget elementor-widget-slides\" data-id=\"557f8b6\" data-element_type=\"widget\" data-e-type=\"widget\" data-settings=\"{&quot;transition&quot;:&quot;fade&quot;,&quot;transition_speed&quot;:1000,&quot;navigation&quot;:&quot;both&quot;,&quot;autoplay&quot;:&quot;yes&quot;,&quot;pause_on_hover&quot;:&quot;yes&quot;,&quot;pause_on_interaction&quot;:&quot;yes&quot;,&quot;autoplay_speed&quot;:5000,&quot;infinite&quot;:&quot;yes&quot;}\" data-widget_type=\"slides.default\">\n\t\t\t\t<div class=\"elementor-widget-container\">\n\t\t\t\t\t\t\t\t\t<div class=\"elementor-swiper\">\n\t\t\t\t\t<div class=\"elementor-slides-wrapper elementor-main-swiper swiper\" role=\"region\" aria-roledescription=\"carousel\" aria-label=\"Slides\" dir=\"ltr\" data-animation=\"fadeInUp\">\n\t\t\t\t<div class=\"swiper-wrapper elementor-slides\">\n\t\t\t\t\t\t\t\t\t\t<div class=\"elementor-repeater-item-9ebd7fe swiper-slide\" role=\"group\" aria-roledescription=\"slide\"><div class=\"swiper-slide-bg\" role=\"img\" aria-label=\"F\u0151men\u00fc els\u0151 k\u00e9pe\"><\/div><div class=\"elementor-background-overlay\"><\/div><div class=\"swiper-slide-inner\" ><div class=\"swiper-slide-contents\"><\/div><\/div><\/div><div class=\"elementor-repeater-item-80d919e swiper-slide\" role=\"group\" aria-roledescription=\"slide\"><div class=\"swiper-slide-bg\" role=\"img\" aria-label=\"02_Nappali-8\"><\/div><div class=\"elementor-background-overlay\"><\/div><div class=\"swiper-slide-inner\" ><div class=\"swiper-slide-contents\"><\/div><\/div><\/div><div class=\"elementor-repeater-item-c65ca73 swiper-slide\" role=\"group\" aria-roledescription=\"slide\"><div class=\"swiper-slide-bg\" role=\"img\" aria-label=\"\"><\/div><div class=\"elementor-background-overlay\"><\/div><div class=\"swiper-slide-inner\" ><div class=\"swiper-slide-contents\"><\/div><\/div><\/div><div class=\"elementor-repeater-item-8a3ef31 swiper-slide\" role=\"group\" aria-roledescription=\"slide\"><div class=\"swiper-slide-bg\" role=\"img\" aria-label=\"Picture-7565187-7\"><\/div><div class=\"elementor-background-overlay\"><\/div><div class=\"swiper-slide-inner\" ><div class=\"swiper-slide-contents\"><\/div><\/div><\/div><div class=\"elementor-repeater-item-716e9bc swiper-slide\" role=\"group\" aria-roledescription=\"slide\"><div class=\"swiper-slide-bg\" role=\"img\" aria-label=\"Zsolna-1\"><\/div><div class=\"elementor-background-overlay\"><\/div><div class=\"swiper-slide-inner\" ><div class=\"swiper-slide-contents\"><\/div><\/div><\/div>\t\t\t\t<\/div>\n\t\t\t\t\t\t\t\t\t\t\t\t\t\t\t<div class=\"elementor-swiper-button elementor-swiper-button-prev\" role=\"button\" tabindex=\"0\" aria-label=\"Previous slide\">\n\t\t\t\t\t\t\t<i aria-hidden=\"true\" class=\"eicon-chevron-left\"><\/i>\t\t\t\t\t\t<\/div>\n\t\t\t\t\t\t<div class=\"elementor-swiper-button elementor-swiper-button-next\" role=\"button\" tabindex=\"0\" aria-label=\"Next slide\">\n\t\t\t\t\t\t\t<i aria-hidden=\"true\" class=\"eicon-chevron-right\"><\/i>\t\t\t\t\t\t<\/div>\n\t\t\t\t\t\t\t\t\t\t\t\t\t\t\t\t<div class=\"swiper-pagination\"><\/div>\n\t\t\t\t\t\t\t\t\t\t\t\t<\/div>\n\t\t\t\t<\/div>\n\t\t\t\t\t\t\t\t<\/div>\n\t\t\t\t<\/div>\n\t\t\t\t\t<\/div>\n\t\t<\/div>\n\t\t\t\t\t<\/div>\n\t\t<\/section>\n\t\t\t\t<section class=\"elementor-section elementor-top-section elementor-element elementor-element-c89e6e9 elementor-section-boxed elementor-section-height-default elementor-section-height-default\" data-id=\"c89e6e9\" data-element_type=\"section\" data-e-type=\"section\">\n\t\t\t\t\t\t<div class=\"elementor-container elementor-column-gap-default\">\n\t\t\t\t\t<div class=\"elementor-column elementor-col-33 elementor-top-column elementor-element elementor-element-b7db802\" data-id=\"b7db802\" data-element_type=\"column\" data-e-type=\"column\">\n\t\t\t<div class=\"elementor-widget-wrap elementor-element-populated\">\n\t\t\t\t\t\t<div class=\"elementor-element elementor-element-0997b02 elementor-widget elementor-widget-heading\" data-id=\"0997b02\" data-element_type=\"widget\" data-e-type=\"widget\" data-widget_type=\"heading.default\">\n\t\t\t\t<div class=\"elementor-widget-container\">\n\t\t\t\t\t<h2 class=\"elementor-heading-title elementor-size-default\">About us<\/h2>\t\t\t\t<\/div>\n\t\t\t\t<\/div>\n\t\t\t\t<div class=\"elementor-element elementor-element-b79345d elementor-widget elementor-widget-text-editor\" data-id=\"b79345d\" data-element_type=\"widget\" data-e-type=\"widget\" data-widget_type=\"text-editor.default\">\n\t\t\t\t<div class=\"elementor-widget-container\">\n\t\t\t\t\t\t\t\t\t<p>Our goal is to provide a high level of service to our Hungarian and international customers for the purchase of residential and investment real estate.<\/p><p>\u00a0<\/p><p><strong><em>Exclusive homes in downtown Budapest, special properties<\/em><\/strong>in <strong><em>the Agglomeration,<\/em><\/strong>, a <strong><em>hidden treasures of the Danube Bend can be found in our offer.<\/em><\/strong> After we have mapped the needs and expectations of the owner and the customer, we can provide a wide range of services to our customers.<\/p><p>\u00a0<\/p><p>For us, real estate brokerage does not only mean the successful sale of the property, but also serves as the basis for long-term cooperation. The sales or We monitor the rental process throughout, fully informing our customers about the developments in English and German as well.<\/p><p>\u00a0<\/p><p>Medium and long-term renting <strong><em>of exclusive properties <\/em><\/strong>is our other area of expertise. In the case of medium term, we mostly help our partners in finding movie locations and in providing accommodation for team members. For long-term rental, we are looking for accommodation for expats who have settled in our country.<\/p>\t\t\t\t\t\t\t\t<\/div>\n\t\t\t\t<\/div>\n\t\t\t\t<div class=\"elementor-element elementor-element-6c23bb9 elementor-widget__width-initial elementor-hidden-desktop elementor-hidden-tablet elementor-hidden-mobile elementor-widget elementor-widget-image\" data-id=\"6c23bb9\" data-element_type=\"widget\" data-e-type=\"widget\" data-widget_type=\"image.default\">\n\t\t\t\t<div class=\"elementor-widget-container\">\n\t\t\t\t\t\t\t\t\t\t\t\t\t\t\t<img fetchpriority=\"high\" decoding=\"async\" width=\"640\" height=\"640\" src=\"https:\/\/unique-properties.hu\/wp-content\/uploads\/2023\/08\/UP-logo-with-white-background.jpg\" class=\"attachment-large size-large wp-image-1033551\" alt=\"\" srcset=\"https:\/\/unique-properties.hu\/wp-content\/uploads\/2023\/08\/UP-logo-with-white-background.jpg 1400w, https:\/\/unique-properties.hu\/wp-content\/uploads\/2023\/08\/UP-logo-with-white-background-12x12.jpg 12w, https:\/\/unique-properties.hu\/wp-content\/uploads\/2023\/08\/UP-logo-with-white-background-557x557.jpg 557w\" sizes=\"(max-width: 640px) 100vw, 640px\" \/>\t\t\t\t\t\t\t\t\t\t\t\t\t\t\t<\/div>\n\t\t\t\t<\/div>\n\t\t\t\t\t<\/div>\n\t\t<\/div>\n\t\t\t\t<div class=\"elementor-column elementor-col-33 elementor-top-column elementor-element elementor-element-79e98e5\" data-id=\"79e98e5\" data-element_type=\"column\" data-e-type=\"column\">\n\t\t\t<div class=\"elementor-widget-wrap elementor-element-populated\">\n\t\t\t\t\t\t<div class=\"elementor-element elementor-element-6a34354 elementor-widget__width-initial elementor-widget-mobile__width-initial elementor-widget elementor-widget-image\" data-id=\"6a34354\" data-element_type=\"widget\" data-e-type=\"widget\" data-widget_type=\"image.default\">\n\t\t\t\t<div class=\"elementor-widget-container\">\n\t\t\t\t\t\t\t\t\t\t\t\t\t\t\t<img decoding=\"async\" width=\"542\" height=\"860\" src=\"https:\/\/unique-properties.hu\/wp-content\/uploads\/2024\/01\/portre.jpg\" class=\"attachment-large size-large wp-image-1035122\" alt=\"\" srcset=\"https:\/\/unique-properties.hu\/wp-content\/uploads\/2024\/01\/portre.jpg 542w, https:\/\/unique-properties.hu\/wp-content\/uploads\/2024\/01\/portre-8x12.jpg 8w, https:\/\/unique-properties.hu\/wp-content\/uploads\/2024\/01\/portre-351x557.jpg 351w\" sizes=\"(max-width: 542px) 100vw, 542px\" \/>\t\t\t\t\t\t\t\t\t\t\t\t\t\t\t<\/div>\n\t\t\t\t<\/div>\n\t\t\t\t\t<\/div>\n\t\t<\/div>\n\t\t\t\t<div class=\"elementor-column elementor-col-33 elementor-top-column elementor-element elementor-element-5df2c6a\" data-id=\"5df2c6a\" data-element_type=\"column\" data-e-type=\"column\">\n\t\t\t<div class=\"elementor-widget-wrap elementor-element-populated\">\n\t\t\t\t\t\t<div class=\"elementor-element elementor-element-75f720c elementor-widget__width-initial elementor-widget-mobile__width-initial elementor-widget elementor-widget-image\" data-id=\"75f720c\" data-element_type=\"widget\" data-e-type=\"widget\" data-widget_type=\"image.default\">\n\t\t\t\t<div class=\"elementor-widget-container\">\n\t\t\t\t\t\t\t\t\t\t\t\t\t\t\t<img fetchpriority=\"high\" decoding=\"async\" width=\"640\" height=\"640\" src=\"https:\/\/unique-properties.hu\/wp-content\/uploads\/2023\/08\/UP-logo-with-white-background.jpg\" class=\"attachment-large size-large wp-image-1033551\" alt=\"\" srcset=\"https:\/\/unique-properties.hu\/wp-content\/uploads\/2023\/08\/UP-logo-with-white-background.jpg 1400w, https:\/\/unique-properties.hu\/wp-content\/uploads\/2023\/08\/UP-logo-with-white-background-12x12.jpg 12w, https:\/\/unique-properties.hu\/wp-content\/uploads\/2023\/08\/UP-logo-with-white-background-557x557.jpg 557w\" sizes=\"(max-width: 640px) 100vw, 640px\" \/>\t\t\t\t\t\t\t\t\t\t\t\t\t\t\t<\/div>\n\t\t\t\t<\/div>\n\t\t\t\t\t<\/div>\n\t\t<\/div>\n\t\t\t\t\t<\/div>\n\t\t<\/section>\n\t\t\t\t<\/div>","protected":false},"excerpt":{"rendered":"<p>Previous slide Next slide R\u00f3lunk C\u00e9lunk, hogy magas szint\u0171 szolg\u00e1ltat\u00e1st ny\u00fajtsunk magyarorsz\u00e1gi, \u00e9s nemzetk\u00f6zi \u00fcgyfeleink r\u00e9sz\u00e9re, lak\u00f3- \u00e9s befektet\u00e9si c\u00e9l\u00fa ingatlan v\u00e1s\u00e1rl\u00e1s\u00e1hoz. \u00a0 Budapest belv\u00e1ros\u00e1nak exkluz\u00edv otthonai, az Agglomer\u00e1ci\u00f3 k\u00fcl\u00f6nleges ingatlanjai, a Dunakanyar rejtett kincsei megtal\u00e1lhat\u00f3ak k\u00edn\u00e1latunkban. Miut\u00e1n a tulajdonos \u00e9s a v\u00e1s\u00e1rl\u00f3 ig\u00e9nyeit, elv\u00e1r\u00e1sait felt\u00e9rk\u00e9pezt\u00fck, sz\u00e9lesk\u00f6r\u0171 szolg\u00e1ltat\u00e1st tudunk ny\u00fajtani \u00fcgyfeleink r\u00e9sz\u00e9re. \u00a0 Sz\u00e1munkra az [&hellip;]<\/p>\n","protected":false},"author":12,"featured_media":0,"parent":0,"menu_order":0,"comment_status":"closed","ping_status":"closed","template":"elementor_header_footer","meta":{"_monsterinsights_skip_tracking":false,"_monsterinsights_sitenote_active":false,"_monsterinsights_sitenote_note":"","_monsterinsights_sitenote_category":0,"footnotes":""},"class_list":["post-1033560","page","type-page","status-publish","hentry"],"_links":{"self":[{"href":"https:\/\/unique-properties.hu\/en\/wp-json\/wp\/v2\/pages\/1033560","targetHints":{"allow":["GET"]}}],"collection":[{"href":"https:\/\/unique-properties.hu\/en\/wp-json\/wp\/v2\/pages"}],"about":[{"href":"https:\/\/unique-properties.hu\/en\/wp-json\/wp\/v2\/types\/page"}],"author":[{"embeddable":true,"href":"https:\/\/unique-properties.hu\/en\/wp-json\/wp\/v2\/users\/12"}],"replies":[{"embeddable":true,"href":"https:\/\/unique-properties.hu\/en\/wp-json\/wp\/v2\/comments?post=1033560"}],"version-history":[{"count":58,"href":"https:\/\/unique-properties.hu\/en\/wp-json\/wp\/v2\/pages\/1033560\/revisions"}],"predecessor-version":[{"id":1035315,"href":"https:\/\/unique-properties.hu\/en\/wp-json\/wp\/v2\/pages\/1033560\/revisions\/1035315"}],"wp:attachment":[{"href":"https:\/\/unique-properties.hu\/en\/wp-json\/wp\/v2\/media?parent=1033560"}],"curies":[{"name":"wp","href":"https:\/\/api.w.org\/{rel}","templated":true}]}}