{"id":1033845,"date":"2023-08-30T09:06:14","date_gmt":"2023-08-30T07:06:14","guid":{"rendered":"https:\/\/unique-properties.hu\/?page_id=1033845"},"modified":"2024-01-23T11:38:49","modified_gmt":"2024-01-23T10:38:49","slug":"kapcsolat","status":"publish","type":"page","link":"https:\/\/unique-properties.hu\/en\/kapcsolat\/","title":{"rendered":"Contact"},"content":{"rendered":"<div data-elementor-type=\"wp-page\" data-elementor-id=\"1033845\" class=\"elementor elementor-1033845\" data-elementor-post-type=\"page\">\n\t\t\t\t\t\t<section class=\"elementor-section elementor-top-section elementor-element elementor-element-4daa73d elementor-section-boxed elementor-section-height-default elementor-section-height-default\" data-id=\"4daa73d\" data-element_type=\"section\" data-e-type=\"section\">\n\t\t\t\t\t\t<div class=\"elementor-container elementor-column-gap-default\">\n\t\t\t\t\t<div class=\"elementor-column elementor-col-100 elementor-top-column elementor-element elementor-element-47bb566\" data-id=\"47bb566\" data-element_type=\"column\" data-e-type=\"column\">\n\t\t\t<div class=\"elementor-widget-wrap elementor-element-populated\">\n\t\t\t\t\t\t<section class=\"elementor-section elementor-inner-section elementor-element elementor-element-111775d elementor-section-boxed elementor-section-height-default elementor-section-height-default\" data-id=\"111775d\" data-element_type=\"section\" data-e-type=\"section\">\n\t\t\t\t\t\t<div class=\"elementor-container elementor-column-gap-default\">\n\t\t\t\t\t<div class=\"elementor-column elementor-col-50 elementor-inner-column elementor-element elementor-element-02da2e2\" data-id=\"02da2e2\" data-element_type=\"column\" data-e-type=\"column\">\n\t\t\t<div class=\"elementor-widget-wrap elementor-element-populated\">\n\t\t\t\t\t\t<div class=\"elementor-element elementor-element-fda8bd4 elementor-widget elementor-widget-heading\" data-id=\"fda8bd4\" data-element_type=\"widget\" data-e-type=\"widget\" data-widget_type=\"heading.default\">\n\t\t\t\t<div class=\"elementor-widget-container\">\n\t\t\t\t\t<h2 class=\"elementor-heading-title elementor-size-default\">Contact us!<\/h2>\t\t\t\t<\/div>\n\t\t\t\t<\/div>\n\t\t\t\t<div class=\"elementor-element elementor-element-8a6da31 elementor-widget elementor-widget-image\" data-id=\"8a6da31\" data-element_type=\"widget\" data-e-type=\"widget\" data-widget_type=\"image.default\">\n\t\t\t\t<div class=\"elementor-widget-container\">\n\t\t\t\t\t\t\t\t\t\t\t\t\t\t\t<img fetchpriority=\"high\" decoding=\"async\" width=\"640\" height=\"640\" src=\"https:\/\/unique-properties.hu\/wp-content\/uploads\/2023\/08\/UP-logo-with-white-background.jpg\" class=\"attachment-large size-large wp-image-1033551\" alt=\"\" srcset=\"https:\/\/unique-properties.hu\/wp-content\/uploads\/2023\/08\/UP-logo-with-white-background.jpg 1400w, https:\/\/unique-properties.hu\/wp-content\/uploads\/2023\/08\/UP-logo-with-white-background-12x12.jpg 12w, https:\/\/unique-properties.hu\/wp-content\/uploads\/2023\/08\/UP-logo-with-white-background-557x557.jpg 557w\" sizes=\"(max-width: 640px) 100vw, 640px\" \/>\t\t\t\t\t\t\t\t\t\t\t\t\t\t\t<\/div>\n\t\t\t\t<\/div>\n\t\t\t\t<div class=\"elementor-element elementor-element-723dd70 elementor-position-inline-start elementor-mobile-position-inline-start elementor-view-default elementor-widget elementor-widget-icon-box\" data-id=\"723dd70\" data-element_type=\"widget\" data-e-type=\"widget\" data-widget_type=\"icon-box.default\">\n\t\t\t\t<div class=\"elementor-widget-container\">\n\t\t\t\t\t\t\t<div class=\"elementor-icon-box-wrapper\">\n\n\t\t\t\t\t\t<div class=\"elementor-icon-box-icon\">\n\t\t\t\t<span  class=\"elementor-icon\">\n\t\t\t\t<i aria-hidden=\"true\" class=\"fas fa-map-marker-alt\"><\/i>\t\t\t\t<\/span>\n\t\t\t<\/div>\n\t\t\t\n\t\t\t\t\t\t<div class=\"elementor-icon-box-content\">\n\n\t\t\t\t\t\t\t\t\t<h3 class=\"elementor-icon-box-title\">\n\t\t\t\t\t\t<span  >\n\t\t\t\t\t\t\t1062. Budapest, Andr\u00e1ssy \u00fat 77.\t\t\t\t\t\t<\/span>\n\t\t\t\t\t<\/h3>\n\t\t\t\t\n\t\t\t\t\n\t\t\t<\/div>\n\t\t\t\n\t\t<\/div>\n\t\t\t\t\t\t<\/div>\n\t\t\t\t<\/div>\n\t\t\t\t<div class=\"elementor-element elementor-element-d73bd3c elementor-position-inline-start elementor-mobile-position-inline-start elementor-view-default elementor-widget elementor-widget-icon-box\" data-id=\"d73bd3c\" data-element_type=\"widget\" data-e-type=\"widget\" data-widget_type=\"icon-box.default\">\n\t\t\t\t<div class=\"elementor-widget-container\">\n\t\t\t\t\t\t\t<div class=\"elementor-icon-box-wrapper\">\n\n\t\t\t\t\t\t<div class=\"elementor-icon-box-icon\">\n\t\t\t\t<span  class=\"elementor-icon\">\n\t\t\t\t<i aria-hidden=\"true\" class=\"far fa-envelope\"><\/i>\t\t\t\t<\/span>\n\t\t\t<\/div>\n\t\t\t\n\t\t\t\t\t\t<div class=\"elementor-icon-box-content\">\n\n\t\t\t\t\n\t\t\t\t\t\t\t\t\t<p class=\"elementor-icon-box-description\">\n\t\t\t\t\t\t<a>info@unique-properties.hu<\/a>\t\t\t\t\t<\/p>\n\t\t\t\t\n\t\t\t<\/div>\n\t\t\t\n\t\t<\/div>\n\t\t\t\t\t\t<\/div>\n\t\t\t\t<\/div>\n\t\t\t\t<div class=\"elementor-element elementor-element-28efc1d elementor-position-inline-start elementor-mobile-position-inline-start elementor-view-default elementor-widget elementor-widget-icon-box\" data-id=\"28efc1d\" data-element_type=\"widget\" data-e-type=\"widget\" data-widget_type=\"icon-box.default\">\n\t\t\t\t<div class=\"elementor-widget-container\">\n\t\t\t\t\t\t\t<div class=\"elementor-icon-box-wrapper\">\n\n\t\t\t\t\t\t<div class=\"elementor-icon-box-icon\">\n\t\t\t\t<span  class=\"elementor-icon\">\n\t\t\t\t<i aria-hidden=\"true\" class=\"fas fa-phone-alt\"><\/i>\t\t\t\t<\/span>\n\t\t\t<\/div>\n\t\t\t\n\t\t\t\t\t\t<div class=\"elementor-icon-box-content\">\n\n\t\t\t\t\n\t\t\t\t\t\t\t\t\t<p class=\"elementor-icon-box-description\">\n\t\t\t\t\t\t<a style=\"color:#616161;font-size:14px\">+36 20 489-8433<\/a>\t\t\t\t\t<\/p>\n\t\t\t\t\n\t\t\t<\/div>\n\t\t\t\n\t\t<\/div>\n\t\t\t\t\t\t<\/div>\n\t\t\t\t<\/div>\n\t\t\t\t<div class=\"elementor-element elementor-element-550e3fa elementor-position-inline-start elementor-mobile-position-inline-start elementor-view-default elementor-widget elementor-widget-icon-box\" data-id=\"550e3fa\" data-element_type=\"widget\" data-e-type=\"widget\" data-widget_type=\"icon-box.default\">\n\t\t\t\t<div class=\"elementor-widget-container\">\n\t\t\t\t\t\t\t<div class=\"elementor-icon-box-wrapper\">\n\n\t\t\t\t\t\t<div class=\"elementor-icon-box-icon\">\n\t\t\t\t<span  class=\"elementor-icon\">\n\t\t\t\t<svg xmlns=\"http:\/\/www.w3.org\/2000\/svg\" xmlns:xlink=\"http:\/\/www.w3.org\/1999\/xlink\" id=\"Icons\" viewbox=\"0 0 32 32\" xml:space=\"preserve\"><style type=\"text\/css\">\t.st0{fill:#FFFFFF;}\t.st1{fill:#3A559F;}\t.st2{fill:#F4F4F4;}\t.st3{fill:#FF0084;}\t.st4{fill:#0063DB;}\t.st5{fill:#00ACED;}\t.st6{fill:#FFEC06;}\t.st7{fill:#FF0000;}\t.st8{fill:#25D366;}\t.st9{fill:#0088FF;}\t.st10{fill:#314358;}\t.st11{fill:#EE6996;}\t.st12{fill:#01AEF3;}\t.st13{fill:#FFFEFF;}\t.st14{fill:#F06A35;}\t.st15{fill:#00ADEF;}\t.st16{fill:#1769FF;}\t.st17{fill:#1AB7EA;}\t.st18{fill:#6001D1;}\t.st19{fill:#E41214;}\t.st20{fill:#05CE78;}\t.st21{fill:#7B519C;}\t.st22{fill:#FF4500;}\t.st23{fill:#00F076;}\t.st24{fill:#FFC900;}\t.st25{fill:#00D6FF;}\t.st26{fill:#FF3A44;}\t.st27{fill:#FF6A36;}\t.st28{fill:#0061FE;}\t.st29{fill:#F7981C;}\t.st30{fill:#EE1B22;}\t.st31{fill:#EF3561;}\t.st32{fill:none;stroke:#FFFFFF;stroke-width:2;stroke-miterlimit:10;}\t.st33{fill:#0097D3;}\t.st34{fill:#01308A;}\t.st35{fill:#019CDE;}\t.st36{fill:#FFD049;}\t.st37{fill:#16A05D;}\t.st38{fill:#4486F4;}\t.st39{fill:none;}\t.st40{fill:#34A853;}\t.st41{fill:#4285F4;}\t.st42{fill:#FBBC05;}\t.st43{fill:#EA4335;}<\/style><path class=\"st8\" d=\"M17,0C8.7,0,2,6.7,2,15c0,3.4,1.1,6.6,3.2,9.2l-2.1,6.4c-0.1,0.4,0,0.8,0.3,1.1C3.5,31.9,3.8,32,4,32 c0.1,0,0.3,0,0.4-0.1l6.9-3.1C13.1,29.6,15,30,17,30c8.3,0,15-6.7,15-15S25.3,0,17,0z\"><\/path><path class=\"st0\" d=\"M25.7,20.5c-0.4,1.2-1.9,2.2-3.2,2.4C22.2,23,21.9,23,21.5,23c-0.8,0-2-0.2-4.1-1.1c-2.4-1-4.8-3.1-6.7-5.8 L10.7,16C10.1,15.1,9,13.4,9,11.6c0-2.2,1.1-3.3,1.5-3.8c0.5-0.5,1.2-0.8,2-0.8c0.2,0,0.3,0,0.5,0c0.7,0,1.2,0.2,1.7,1.2l0.4,0.8 c0.3,0.8,0.7,1.7,0.8,1.8c0.3,0.6,0.3,1.1,0,1.6c-0.1,0.3-0.3,0.5-0.5,0.7c-0.1,0.2-0.2,0.3-0.3,0.3c-0.1,0.1-0.1,0.1-0.2,0.2 c0.3,0.5,0.9,1.4,1.7,2.1c1.2,1.1,2.1,1.4,2.6,1.6l0,0c0.2-0.2,0.4-0.6,0.7-0.9l0.1-0.2c0.5-0.7,1.3-0.9,2.1-0.6 c0.4,0.2,2.6,1.2,2.6,1.2l0.2,0.1c0.3,0.2,0.7,0.3,0.9,0.7C26.2,18.5,25.9,19.8,25.7,20.5z\"><\/path><\/svg>\t\t\t\t<\/span>\n\t\t\t<\/div>\n\t\t\t\n\t\t\t\t\t\t<div class=\"elementor-icon-box-content\">\n\n\t\t\t\t\n\t\t\t\t\t\t\t\t\t<p class=\"elementor-icon-box-description\">\n\t\t\t\t\t\t<a href=\"tel:+36204898433\" style=\"color:#616161;font-size:14px\">+36 20 489-8433 (Whatsapp)<\/a> \t\t\t\t\t<\/p>\n\t\t\t\t\n\t\t\t<\/div>\n\t\t\t\n\t\t<\/div>\n\t\t\t\t\t\t<\/div>\n\t\t\t\t<\/div>\n\t\t\t\t<div class=\"elementor-element elementor-element-039d5e8 elementor-position-inline-start elementor-mobile-position-inline-start elementor-view-default elementor-widget elementor-widget-icon-box\" data-id=\"039d5e8\" data-element_type=\"widget\" data-e-type=\"widget\" data-widget_type=\"icon-box.default\">\n\t\t\t\t<div class=\"elementor-widget-container\">\n\t\t\t\t\t\t\t<div class=\"elementor-icon-box-wrapper\">\n\n\t\t\t\t\t\t<div class=\"elementor-icon-box-icon\">\n\t\t\t\t<span  class=\"elementor-icon\">\n\t\t\t\t<svg xmlns=\"http:\/\/www.w3.org\/2000\/svg\" width=\"800px\" height=\"800px\" viewbox=\"0 -33 128 128\"><path fill=\"#7C529E\" d=\"M65.619 51.3c-8.899.1-18.599-.1-28.299-.7-1-.1-1.6.4-2.2 1-2.5 2.801-5 5.601-7.6 8.4-.4.4-.8 1.2-1.5.9-.7-.301-.4-1.101-.4-1.7 0-2.3-.1-4.7 0-7 .1-1.8-.3-2.7-2.4-2.7-2.5-.1-5.1-.4-7.6-.9-8.6-2-14.4-6.699-15.2-16.5-.4-4.3-.7-8.5 0-12.8 1.4-8.8 6.5-13.8 15.3-15.3 12.8-2.1 25.7-2.8 38.6-3 13.5-.2 27 .2 40.5.9 6.5.3 13 1.2 19.4 2.5 7.699 1.6 12.898 7.5 13.6 15.5.4 4.6.5 9.2-.201 13.8-.898 6.1-4.299 10.399-9.898 12.899-4.9 2.101-10.102 2.801-15.301 3.2-12.1.901-24 1.601-36.801 1.501z\"><\/path><path fill=\"#FFF\" d=\"M32.6 38.2c1.8 0 3.9-1.7 4.5-3.4.6-1.6-.6-2.3-1.6-3.1-.7-.6-1.5-1.1-2.2-1.6-1.5-1.1-2.9-1.1-4 .6-.6 1-1.5 1-2.4.6-2.5-1.2-4.5-2.9-5.7-5.5-.5-1.1-.5-2.2.7-3 .6-.4 1.3-.9 1.2-1.9-.1-1.2-3-5.3-4.2-5.7-.5-.2-1-.2-1.5 0-2.7.9-3.9 3.2-2.8 5.8 3.2 8 9 13.5 16.8 16.9.5.2 1 .2 1.2.3zM26.8 14.7c-.4.1-1.3-.3-1.3.6 0 .6.7.5 1.2.6 5.7.9 8.4 3.6 9.1 9.4.1.5-.1 1.3.6 1.4.8 0 .6-.8.6-1.3.1-5.5-4.7-10.5-10.2-10.7zM68.3 26.5V18c0-1.7.601-3.1 2.5-3.1 1.8 0 2.3 1.3 2.3 3V19c0 2.6 0 2.6 2.4 1.9 3.3-1 6.5.3 8.1 3.3 1.9 3.6 2.101 7.2 0 10.8-2.1 3.6-6.1 4.7-9.699 2.5-.601-.4-.801-.6-1.301.1-.7 1-1.8 1.1-2.9.6-1.101-.5-1.4-1.5-1.4-2.7v-9zm11.9 3.1c0-2.7-1.5-4.7-3.5-4.8-2.1-.1-3.7 1.8-3.7 4.5 0 2.601 1.5 4.7 3.5 4.8 2.1.2 3.7-1.8 3.7-4.5zM50.3 29.7c1.6-4.2 2.9-7.7 4.2-11.3.2-.6.4-1.2.7-1.8.6-1.4 1.6-2.2 3.2-1.6 1.7.6 1.9 1.9 1.4 3.5-1.6 4.2-3.3 8.4-4.9 12.7-.7 1.8-1.4 3.6-2.1 5.3-.4 1-1.1 1.8-2.3 1.9-1.4 0-2.1-.801-2.5-2-2.3-5.9-4.7-11.9-7-17.8-.6-1.6-.3-3 1.5-3.6s2.6.5 3.2 2c1.4 4 2.9 8 4.6 12.7zM96.1 31.1h-4.3c-1.1 0-1.2.5-.7 1.3.9 1.7 3.5 2.4 5.7 1.6.8-.3 1.5-.7 2.3-1.1 1.101-.601 2.101-.5 2.801.6.8 1.2.3 2.2-.7 2.9C98 38.6 94.5 39.3 90.9 37.8c-3.5-1.5-5-4.5-5-8.2-.1-4.8 3.2-8.6 7.5-9.1 4.399-.4 8.3 2.6 9.1 7.1.5 2.5-.2 3.4-2.8 3.5h-3.6zM94 27.9c.4 0 .9.1 1.3 0 .8-.1 2 .5 2.2-.4.3-1.2-.7-2.1-1.7-2.6-1.399-.7-2.7-.6-3.899.5-.601.6-1.301 1.3-1 2.2.3.8 1.199.3 1.899.4.4 0 .8-.1 1.2-.1z\"><\/path><path fill=\"#FFF\" d=\"M32.6 38.2c-.3-.101-.7-.101-1.2-.3C23.5 34.5 17.8 29 14.6 21c-1.1-2.7 0-4.9 2.8-5.8.5-.2 1-.2 1.5 0 1.2.4 4.1 4.5 4.2 5.7.1.9-.6 1.4-1.2 1.9-1.2.8-1.2 1.8-.7 3 1.2 2.6 3.1 4.4 5.7 5.5.9.4 1.8.4 2.4-.6 1.1-1.7 2.5-1.6 4-.6.8.5 1.5 1 2.2 1.6 1 .8 2.2 1.399 1.6 3.1s-2.7 3.4-4.5 3.4zM104.1 29.3v-6c0-1.1.4-1.9 1.4-2.4 1.1-.5 2.2-.4 2.9.5.6.9.899.5 1.399 0 .7-.6 1.601-.9 2.601-.8 1.1.2 1.8.8 2 1.9.199 1.1-.2 2-1.101 2.2-4.1 1-4.7 3.8-4.3 7.399.1 1.301.1 2.601-.1 3.801-.2 1.5-1.101 2.399-2.601 2.3-1.399-.101-2.1-1.101-2.2-2.5.002-2 .002-4.2.002-6.4zM61.5 30.1v-5.7c0-1.6.7-2.6 2.4-2.6 1.6 0 2.3 1 2.3 2.5v11.5c0 1.601-.8 2.601-2.4 2.601-1.6-.101-2.3-1.101-2.3-2.7V30.1zM26.8 14.7c5.5.2 10.3 5.2 10.2 10.7 0 .5.2 1.3-.6 1.3s-.6-.8-.6-1.4c-.7-5.8-3.4-8.5-9.1-9.4-.5-.1-1.2 0-1.2-.6.1-.9.9-.5 1.3-.6zM66.6 17.6c-.199 1.5-.899 2.5-2.5 2.6-1.5.1-2.7-1.1-2.7-2.6s1.3-2.8 2.7-2.7c1.4.2 2.3 1.1 2.5 2.7z\"><\/path><path fill=\"#FFF\" d=\"M34.2 24.4c-.1.4.2 1.1-.5 1.2-.9.1-.7-.7-.8-1.2-.6-3.5-1.8-4.8-5.4-5.6-.5-.1-1.3 0-1.2-.8.1-.8.9-.5 1.4-.4 3.6.4 6.5 3.4 6.5 6.8z\"><\/path><path fill=\"#FFF\" d=\"M31.5 23.8c0 .4 0 .9-.6 1-.4 0-.6-.3-.7-.7-.1-1.5-.9-2.3-2.4-2.5-.4-.1-.9-.2-.7-.8.1-.4.5-.4.9-.4 1.7-.1 3.5 1.7 3.5 3.4z\"><\/path><\/svg>\t\t\t\t<\/span>\n\t\t\t<\/div>\n\t\t\t\n\t\t\t\t\t\t<div class=\"elementor-icon-box-content\">\n\n\t\t\t\t\n\t\t\t\t\t\t\t\t\t<p class=\"elementor-icon-box-description\">\n\t\t\t\t\t\t<a style=\"color:#616161;font-size:14px\">+36 20 489-8433   (Viber)<\/a>\t\t\t\t\t<\/p>\n\t\t\t\t\n\t\t\t<\/div>\n\t\t\t\n\t\t<\/div>\n\t\t\t\t\t\t<\/div>\n\t\t\t\t<\/div>\n\t\t\t\t<div class=\"elementor-element elementor-element-158e3c2 elementor-position-inline-start elementor-mobile-position-inline-start elementor-view-default elementor-widget elementor-widget-icon-box\" data-id=\"158e3c2\" data-element_type=\"widget\" data-e-type=\"widget\" data-widget_type=\"icon-box.default\">\n\t\t\t\t<div class=\"elementor-widget-container\">\n\t\t\t\t\t\t\t<div class=\"elementor-icon-box-wrapper\">\n\n\t\t\t\t\t\t<div class=\"elementor-icon-box-icon\">\n\t\t\t\t<span  class=\"elementor-icon\">\n\t\t\t\t<svg xmlns=\"http:\/\/www.w3.org\/2000\/svg\" xmlns:xlink=\"http:\/\/www.w3.org\/1999\/xlink\" height=\"512px\" style=\"enable-background:new 0 0 512 512;\" viewbox=\"0 0 512 512\" width=\"512px\" xml:space=\"preserve\"><g id=\"_x33_71-wechat\"><g><g><path d=\"M342.248,169.517c8.712,0,17.221,0.724,25.616,1.759C352.687,104.625,282.682,54.21,198.503,54.21     c-95.28,0-172.502,64.541-172.502,144.134c0,45.889,25.819,86.602,65.866,112.945l-22.742,45.605l61.953-26.608     c13.285,4.731,27.09,8.627,41.835,10.44c-2.015-8.796-3.16-17.813-3.16-27.068C169.753,234.178,247.115,169.517,342.248,169.517z      M256.003,119.066c11.905,0,21.56,9.685,21.56,21.623c0,11.942-9.654,21.62-21.56,21.62c-11.912,0-21.563-9.678-21.563-21.62     C234.44,128.75,244.091,119.066,256.003,119.066z M141.001,162.309c-11.907,0-21.562-9.678-21.562-21.62     c0-11.938,9.656-21.623,21.562-21.623s21.563,9.685,21.563,21.623C162.563,152.631,152.906,162.309,141.001,162.309z\" style=\"fill:#51C332;\"><\/path><path d=\"M485.999,313.656c0-63.684-64.376-115.312-143.751-115.312     c-79.378,0-143.745,51.628-143.745,115.312c0,63.679,64.367,115.308,143.745,115.308c13.054,0,25.471-1.845,37.519-4.465     l77.483,33.291l-26.798-53.701C464.035,382.983,485.999,350.527,485.999,313.656z M299.125,306.448     c-11.906,0-21.563-9.681-21.563-21.625c0-11.938,9.656-21.616,21.563-21.616c11.91,0,21.561,9.682,21.561,21.616     C320.686,296.768,311.033,306.448,299.125,306.448z M385.373,306.448c-11.912,0-21.561-9.681-21.561-21.625     c0-11.938,9.648-21.616,21.561-21.616c11.911,0,21.563,9.682,21.563,21.616C406.936,296.768,397.284,306.448,385.373,306.448z\" style=\"fill:#51C332;\"><\/path><\/g><\/g><\/g><g id=\"Layer_1\"><\/g><\/svg>\t\t\t\t<\/span>\n\t\t\t<\/div>\n\t\t\t\n\t\t\t\t\t\t<div class=\"elementor-icon-box-content\">\n\n\t\t\t\t\n\t\t\t\t\t\t\t\t\t<p class=\"elementor-icon-box-description\">\n\t\t\t\t\t\t<a href=\"tel:+36204898433\" style=\"color:#616161;font-size:14px\">+36 20 489-8433   (Wechat)<\/a>\t\t\t\t\t<\/p>\n\t\t\t\t\n\t\t\t<\/div>\n\t\t\t\n\t\t<\/div>\n\t\t\t\t\t\t<\/div>\n\t\t\t\t<\/div>\n\t\t\t\t\t<\/div>\n\t\t<\/div>\n\t\t\t\t<div class=\"elementor-column elementor-col-50 elementor-inner-column elementor-element elementor-element-1c8fd8c\" data-id=\"1c8fd8c\" data-element_type=\"column\" data-e-type=\"column\">\n\t\t\t<div class=\"elementor-widget-wrap elementor-element-populated\">\n\t\t\t\t\t\t<div class=\"elementor-element elementor-element-290db79 elementor-button-align-end elementor-widget elementor-widget-eli-contact-form\" data-id=\"290db79\" data-element_type=\"widget\" data-e-type=\"widget\" data-widget_type=\"eli-contact-form.default\">\n\t\t\t\t<div class=\"elementor-widget-container\">\n\t\t\t\t\t\r\n                                                                                                                                                                                <div class=\"widget-elementinvader_addons_for_elementor elementinvader_contact_form contact-form\" id=\"elementinvader_addons_for_elementor_43047801\">\r\n    <div class=\"elementinvader_addons_for_elementor-container\">\r\n        <form class=\"elementinvader_addons_for_elementor_f\" action=\"\" >\r\n            <input type=\"hidden\" name=\"element_id\" value=\"43047801\"\/>\r\n            <input type=\"hidden\" name=\"eli_token\" value=\"gC70rE7I6VFTZmkZtMSrMioB3qgc7fho\">\r\n            \r\n            <input type=\"hidden\" id=\"eli_nonce\" name=\"eli_nonce\" value=\"fa610c0129\" \/><input type=\"hidden\" name=\"_wp_http_referer\" value=\"\/en\/wp-json\/wp\/v2\/pages\/1033845\" \/>            \r\n            <input type=\"hidden\" name=\"eli_id\" value=\"290db79\"\/>\r\n            <input type=\"hidden\" name=\"eli_type\" value=\"eli-contact-form\"\/>\r\n                        <input type=\"hidden\" name=\"eli_page_id\" value=\"1033845\"\/>\r\n                        \r\n            <div class=\"config\" data-url=\"https:\/\/unique-properties.hu\/wp-admin\/admin-ajax.php\"><\/div>\r\n                                            <div class=\"elementinvader_addons_for_elementor_f_box_alert\"><\/div>\r\n                        <div class=\"elementinvader_addons_for_elementor_f_container\">\r\n                <div class=\"elementinvader_addons_for_elementor_f_group text elementinvader_addons_for_elementor_f_group_el_546c7c7\" style=\"\"><label for=\"name\"><\/label>\r\n                <input     \r\n                name=\"Az \u00d6n neve\" id=\"name\" type=\"text\" class=\"elementinvader_addons_for_elementor_f_field\"  value=\"\" placeholder=\"Name\" >\r\n            <\/div><div class=\"elementinvader_addons_for_elementor_f_group tel elementinvader_addons_for_elementor_f_group_el_f130a87\" style=\"\"><label for=\"field_f130a87\"><\/label>\r\n                <input     \r\n                name=\"Az \u00d6n telefonsz\u00e1ma\" id=\"field_f130a87\" type=\"tel\" class=\"elementinvader_addons_for_elementor_f_field\"  value=\"\" placeholder=\"Phone\" >\r\n            <\/div><div class=\"elementinvader_addons_for_elementor_f_group email elementinvader_addons_for_elementor_f_group_el_a12e33b\" style=\"\"><label for=\"emaile-mail_c\u00edm_megad\u00e1sa_k\u00f6telez\u0151\">Entering an e-mail address is mandatory*<\/label>\r\n                <input     \r\n                name=\"E-mail c\u00edm megad\u00e1sa k\u00f6telez\u0151\" id=\"emaile-mail_c\u00edm_megad\u00e1sa_k\u00f6telez\u0151\" type=\"email\" class=\"elementinvader_addons_for_elementor_f_field\" required=\"required\" value=\"\" placeholder=\"Email\" >\r\n            <\/div><div class=\"elementinvader_addons_for_elementor_f_group checkbox elementinvader_addons_for_elementor_f_group_el_753f18e\" style=\"\">\r\n            <label for=\"field_753f18eingatlant_v\u00e1s\u00e1roln\u00e9k\">\r\n                <input name=\"Ingatlant v\u00e1s\u00e1roln\u00e9k\" id=\"field_753f18eingatlant_v\u00e1s\u00e1roln\u00e9k\" type=\"checkbox\" class=\"elementinvader_addons_for_elementor_f_field_checkbox\"  value=\"\" placeholder=\"\" >\r\n                I would like to buy real estate\r\n            <\/label>\r\n        <\/div><div class=\"elementinvader_addons_for_elementor_f_group checkbox elementinvader_addons_for_elementor_f_group_el_007c020\" style=\"\">\r\n            <label for=\"field_007c020ingatlant_b\u00e9reln\u00e9k\">\r\n                <input name=\"Ingatlant b\u00e9reln\u00e9k\" id=\"field_007c020ingatlant_b\u00e9reln\u00e9k\" type=\"checkbox\" class=\"elementinvader_addons_for_elementor_f_field_checkbox\"  value=\"\" placeholder=\"\" >\r\n                I would like to rent a property\r\n            <\/label>\r\n        <\/div><div class=\"elementinvader_addons_for_elementor_f_group checkbox elementinvader_addons_for_elementor_f_group_el_d13db74\" style=\"\">\r\n            <label for=\"field_d13db74ingatlan_tulajdonos_vagyok\">\r\n                <input name=\"Ingatlan tulajdonos vagyok\" id=\"field_d13db74ingatlan_tulajdonos_vagyok\" type=\"checkbox\" class=\"elementinvader_addons_for_elementor_f_field_checkbox\"  value=\"\" placeholder=\"\" >\r\n                I am a property owner\r\n            <\/label>\r\n        <\/div><div class=\"elementinvader_addons_for_elementor_f_group elementinvader_addons_for_elementor_f_group_el_a2d4e2a\" style=\"\"><label for=\"message\"><\/label><textarea name=\"\u00dczenet\" id=\"message\" rows=\"4\" class=\"elementinvader_addons_for_elementor_f_field\"  placeholder=\"Message\" ><\/textarea>\r\n        <\/div><div class=\"elementinvader_addons_for_elementor_f_group checkbox elementinvader_addons_for_elementor_f_group_el_f679aa8\" style=\"\">\r\n            <label for=\"field_f679aa8az_adatv\u00e9delmi_t\u00e1j\u00e9koztat\u00f3t_elolvastam\">\r\n                <input name=\"Az Adatv\u00e9delmi t\u00e1j\u00e9koztat\u00f3t elolvastam\" id=\"field_f679aa8az_adatv\u00e9delmi_t\u00e1j\u00e9koztat\u00f3t_elolvastam\" type=\"checkbox\" class=\"elementinvader_addons_for_elementor_f_field_checkbox\" required=\"required\" value=\"\" placeholder=\"\" >\r\n                Az Adatv\u00e9delmi t\u00e1j\u00e9koztat\u00f3t elolvastam\r\n                  <a class=\"accept_link\" href=\"https:\/\/unique-properties.hu\/en\/adatkezelesi-tajekoztato\/\" >ITT<\/a>\r\n                *\r\n            <\/label>\r\n        <\/div>\r\n                <div class=\"elementinvader_addons_for_elementor_f_group elementinvader_addons_for_elementor_f_group_el_button  right\" >\r\n                    <button type=\"submit\" >\r\n                        <span >\r\n                                                            <span >\r\n                                                                                                        <\/span>\r\n                                                                                            <span class=\"elementor-button-text\">SEND<\/span>\r\n                                                        <i class=\"fa fa-spinner fa-spin fa-custom-ajax-indicator ajax-indicator-masking\" style=\"display: none;\"><\/i>\r\n                        <\/span>\r\n                    <\/button>\r\n                <\/div>\r\n            <\/div>\r\n            \r\n                    <input type=\"hidden\" name=\"trp-form-language\" value=\"en\"\/><\/form>\r\n    <\/div>\r\n<\/div>\t\t\t\t<\/div>\n\t\t\t\t<\/div>\n\t\t\t\t\t<\/div>\n\t\t<\/div>\n\t\t\t\t\t<\/div>\n\t\t<\/section>\n\t\t\t\t\t<\/div>\n\t\t<\/div>\n\t\t\t\t\t<\/div>\n\t\t<\/section>\n\t\t\t\t<\/div>","protected":false},"excerpt":{"rendered":"<p>L\u00e9pjen vel\u00fcnk kapcsolatba! 1062. Budapest, Andr\u00e1ssy \u00fat 77.<\/p>","protected":false},"author":12,"featured_media":0,"parent":0,"menu_order":0,"comment_status":"closed","ping_status":"closed","template":"elementor_header_footer","meta":{"_monsterinsights_skip_tracking":false,"_monsterinsights_sitenote_active":false,"_monsterinsights_sitenote_note":"","_monsterinsights_sitenote_category":0,"footnotes":""},"class_list":["post-1033845","page","type-page","status-publish","hentry"],"_links":{"self":[{"href":"https:\/\/unique-properties.hu\/en\/wp-json\/wp\/v2\/pages\/1033845","targetHints":{"allow":["GET"]}}],"collection":[{"href":"https:\/\/unique-properties.hu\/en\/wp-json\/wp\/v2\/pages"}],"about":[{"href":"https:\/\/unique-properties.hu\/en\/wp-json\/wp\/v2\/types\/page"}],"author":[{"embeddable":true,"href":"https:\/\/unique-properties.hu\/en\/wp-json\/wp\/v2\/users\/12"}],"replies":[{"embeddable":true,"href":"https:\/\/unique-properties.hu\/en\/wp-json\/wp\/v2\/comments?post=1033845"}],"version-history":[{"count":40,"href":"https:\/\/unique-properties.hu\/en\/wp-json\/wp\/v2\/pages\/1033845\/revisions"}],"predecessor-version":[{"id":1035380,"href":"https:\/\/unique-properties.hu\/en\/wp-json\/wp\/v2\/pages\/1033845\/revisions\/1035380"}],"wp:attachment":[{"href":"https:\/\/unique-properties.hu\/en\/wp-json\/wp\/v2\/media?parent=1033845"}],"curies":[{"name":"wp","href":"https:\/\/api.w.org\/{rel}","templated":true}]}}